{"id":648,"date":"2023-10-18T19:32:58","date_gmt":"2023-10-18T17:32:58","guid":{"rendered":"https:\/\/envirocarto.local\/?page_id=648"},"modified":"2024-03-20T16:04:36","modified_gmt":"2024-03-20T15:04:36","slug":"demarche-rse","status":"publish","type":"page","link":"https:\/\/envirocarto.fr\/en\/demarche-rse\/","title":{"rendered":"CSR approach"},"content":{"rendered":"<div id=\"wp-block-themeisle-blocks-advanced-columns-2c60bc77\" class=\"wp-block-themeisle-blocks-advanced-columns alignfull has-1-columns has-desktop-equal-layout has-tablet-equal-layout has-mobile-collapsedRows-layout has-reverse-columns-mobile has-vertical-center ticss-c00aadba\"><div class=\"wp-block-themeisle-blocks-advanced-columns-overlay\"><\/div><div class=\"innerblocks-wrap\">\n<div id=\"wp-block-themeisle-blocks-advanced-column-75b9263d\" class=\"wp-block-themeisle-blocks-advanced-column\">\n<div style=\"height:50px\" aria-hidden=\"true\" class=\"wp-block-spacer\"><\/div>\n\n\n\n<h1 id=\"wp-block-themeisle-blocks-advanced-heading-5d5675df\" class=\"wp-block-themeisle-blocks-advanced-heading wp-block-themeisle-blocks-advanced-heading-5d5675df\">Our CSR approach <\/h1>\n\n\n\n<div class=\"wp-block-buttons is-content-justification-center is-layout-flex wp-container-core-buttons-is-layout-16018d1d wp-block-buttons-is-layout-flex\">\n<div class=\"wp-block-button is-style-primary\"><a class=\"wp-block-button__link wp-element-button\">Contact us<\/a><\/div>\n<\/div>\n\n\n\n<div style=\"height:50px\" aria-hidden=\"true\" class=\"wp-block-spacer\"><\/div>\n<\/div>\n<\/div><\/div>\n\n\n\n<div style=\"height:50px\" aria-hidden=\"true\" class=\"wp-block-spacer\"><\/div>\n\n\n\n<h2 class=\"wp-block-heading\">Obligations et devoirs d&rsquo;EnviroCarto<\/h2>\n\n\n\n<p>Entreprise de moins de 10 salari\u00e9s, EnviroCarto n&rsquo;est soumise \u00e0 aucune contrainte ou obligation de mettre en place une d\u00e9marche RSE. Cependant, \u00e0 son \u00e9chelle, elle a le devoir de transparence envers ses partenaires et clients quant \u00e0 ses activit\u00e9s. Ainsi, l&rsquo;adoption d&rsquo;une d\u00e9marche RSE par EnviroCarto rel\u00e8ve d&rsquo;un engagement volontaire visant \u00e0 am\u00e9liorer son impact.<\/p>\n\n\n\n<div id=\"wp-block-themeisle-blocks-advanced-columns-3a632c5b\" class=\"wp-block-themeisle-blocks-advanced-columns alignfull has-3-columns has-desktop-equal-layout has-tablet-equal-layout has-mobile-collapsedRows-layout has-vertical-top ticss-c00aadba\"><div class=\"wp-block-themeisle-blocks-advanced-columns-overlay\"><\/div><div class=\"innerblocks-wrap\">\n<div id=\"wp-block-themeisle-blocks-advanced-column-1afaade9\" class=\"wp-block-themeisle-blocks-advanced-column\">\n<h2 id=\"wp-block-themeisle-blocks-advanced-heading-dd1eb2f7\" class=\"wp-block-themeisle-blocks-advanced-heading wp-block-themeisle-blocks-advanced-heading-dd1eb2f7\">Des actions concr\u00e8tes<\/h2>\n\n\n\n<p>A son \u00e9chelle, EnviroCarto s&rsquo;engage dans le suivi et l&rsquo;am\u00e9lioration de son impact<\/p>\n\n\n\n<div class=\"wp-block-buttons is-layout-flex wp-block-buttons-is-layout-flex\">\n<div class=\"wp-block-button is-style-primary\"><a class=\"wp-block-button__link wp-element-button\">Rapport disponible fin 2024<\/a><\/div>\n<\/div>\n<\/div>\n\n\n\n<div id=\"wp-block-themeisle-blocks-advanced-column-7ca824fc\" class=\"wp-block-themeisle-blocks-advanced-column\">\n<div class=\"wp-block-group\"><div class=\"wp-block-group__inner-container is-layout-flow wp-block-group-is-layout-flow\"><div class=\"wp-block-image\">\n<figure class=\"aligncenter size-full\"><img data-opt-id=400391310  fetchpriority=\"high\" decoding=\"async\" width=\"197\" height=\"140\" src=\"https:\/\/mlklg0yhaagw.i.optimole.com\/cb:3Mwi.5aed7\/w:auto\/h:auto\/q:mauto\/f:best\/sm:0\/https:\/\/envirocarto.fr\/wp-content\/uploads\/2024\/02\/Environnement.png\" alt=\"Logo Environnement RSE\" class=\"wp-image-838\" srcset=\"https:\/\/mlklg0yhaagw.i.optimole.com\/cb:3Mwi.5aed7\/w:197\/h:140\/q:mauto\/f:best\/sm:0\/https:\/\/envirocarto.fr\/wp-content\/uploads\/2024\/02\/Environnement.png 197w, https:\/\/mlklg0yhaagw.i.optimole.com\/cb:3Mwi.5aed7\/w:18\/h:12\/q:mauto\/f:best\/sm:0\/dpr:2\/https:\/\/envirocarto.fr\/wp-content\/uploads\/2024\/02\/Environnement.png 18w\" sizes=\"(max-width: 197px) 100vw, 197px\" \/><\/figure>\n<\/div>\n\n\n<p class=\"has-text-align-center\"><strong>81% des achats de mat\u00e9riels<\/strong> issus de l&rsquo;\u00e9conomie circulaire<\/p>\n<\/div><\/div>\n\n\n\n<div class=\"wp-block-group\"><div class=\"wp-block-group__inner-container is-layout-flow wp-block-group-is-layout-flow\"><div class=\"wp-block-image\">\n<figure class=\"aligncenter size-full\"><img data-opt-id=1824814362  fetchpriority=\"high\" decoding=\"async\" width=\"198\" height=\"155\" src=\"https:\/\/mlklg0yhaagw.i.optimole.com\/cb:3Mwi.5aed7\/w:auto\/h:auto\/q:mauto\/f:best\/sm:0\/https:\/\/envirocarto.fr\/wp-content\/uploads\/2024\/02\/CommunautesDvptLocal.png\" alt=\"Logo CommunautesDvptLocal RSE\" class=\"wp-image-839\" srcset=\"https:\/\/mlklg0yhaagw.i.optimole.com\/cb:3Mwi.5aed7\/w:198\/h:155\/q:mauto\/f:best\/sm:0\/https:\/\/envirocarto.fr\/wp-content\/uploads\/2024\/02\/CommunautesDvptLocal.png 198w, https:\/\/mlklg0yhaagw.i.optimole.com\/cb:3Mwi.5aed7\/w:15\/h:12\/q:mauto\/f:best\/sm:0\/dpr:2\/https:\/\/envirocarto.fr\/wp-content\/uploads\/2024\/02\/CommunautesDvptLocal.png 15w\" sizes=\"(max-width: 198px) 100vw, 198px\" \/><\/figure>\n<\/div>\n\n\n<p class=\"has-text-align-center\"><strong>M\u00e9c\u00e9nat de comp\u00e9tences<\/strong> avec l&rsquo;Association de Buzet dans le cadre d&rsquo;un Projet Collectif de Recherche (PCR) en Arch\u00e9ologie<\/p>\n<\/div><\/div>\n<\/div>\n\n\n\n<div id=\"wp-block-themeisle-blocks-advanced-column-1a6a4a66\" class=\"wp-block-themeisle-blocks-advanced-column\">\n<div class=\"wp-block-group\"><div class=\"wp-block-group__inner-container is-layout-flow wp-block-group-is-layout-flow\"><div class=\"wp-block-image\">\n<figure class=\"aligncenter size-full\"><img data-opt-id=44764808  fetchpriority=\"high\" decoding=\"async\" width=\"197\" height=\"137\" src=\"https:\/\/mlklg0yhaagw.i.optimole.com\/cb:3Mwi.5aed7\/w:auto\/h:auto\/q:mauto\/f:best\/sm:0\/https:\/\/envirocarto.fr\/wp-content\/uploads\/2024\/02\/ConditionsTravail.png\" alt=\"Logo ConditionsTravail RSE\" class=\"wp-image-840\" srcset=\"https:\/\/mlklg0yhaagw.i.optimole.com\/cb:3Mwi.5aed7\/w:197\/h:137\/q:mauto\/f:best\/sm:0\/https:\/\/envirocarto.fr\/wp-content\/uploads\/2024\/02\/ConditionsTravail.png 197w, https:\/\/mlklg0yhaagw.i.optimole.com\/cb:3Mwi.5aed7\/w:18\/h:12\/q:mauto\/f:best\/sm:0\/dpr:2\/https:\/\/envirocarto.fr\/wp-content\/uploads\/2024\/02\/ConditionsTravail.png 18w\" sizes=\"(max-width: 197px) 100vw, 197px\" \/><\/figure>\n<\/div>\n\n\n<p class=\"has-text-align-center\">Pistes pour une prise en charge compl\u00e8te de la mutuelle par l&#8217;employeur<\/p>\n\n\n\n<div class=\"wp-block-group\"><div class=\"wp-block-group__inner-container is-layout-flow wp-block-group-is-layout-flow\"><div class=\"wp-block-image\">\n<figure class=\"aligncenter size-full\"><img data-opt-id=485896482  data-opt-src=\"https:\/\/mlklg0yhaagw.i.optimole.com\/cb:3Mwi.5aed7\/w:auto\/h:auto\/q:mauto\/f:best\/sm:0\/https:\/\/envirocarto.fr\/wp-content\/uploads\/2024\/02\/QuestionsConsommateurs.png\"  decoding=\"async\" width=\"198\" height=\"147\" src=\"data:image/svg+xml,%3Csvg%20viewBox%3D%220%200%20100%%20100%%22%20width%3D%22100%%22%20height%3D%22100%%22%20xmlns%3D%22http%3A%2F%2Fwww.w3.org%2F2000%2Fsvg%22%3E%3Crect%20width%3D%22100%%22%20height%3D%22100%%22%20fill%3D%22transparent%22%2F%3E%3C%2Fsvg%3E\" alt=\"Logo consommateurs RSE\" class=\"wp-image-841\" old-srcset=\"https:\/\/mlklg0yhaagw.i.optimole.com\/cb:3Mwi.5aed7\/w:198\/h:147\/q:mauto\/f:best\/sm:0\/https:\/\/envirocarto.fr\/wp-content\/uploads\/2024\/02\/QuestionsConsommateurs.png 198w, https:\/\/mlklg0yhaagw.i.optimole.com\/cb:3Mwi.5aed7\/w:16\/h:12\/q:mauto\/f:best\/sm:0\/dpr:2\/https:\/\/envirocarto.fr\/wp-content\/uploads\/2024\/02\/QuestionsConsommateurs.png 16w\" \/><\/figure>\n<\/div>\n\n\n<p class=\"has-text-align-center\"><strong>Engagements qualit\u00e9 de service et<\/strong> <strong>protection de ses clients<\/strong> dans la r\u00e9daction de ses Conditions G\u00e9n\u00e9rales de Ventes (CGV)<\/p>\n<\/div><\/div>\n<\/div><\/div>\n<\/div>\n<\/div><\/div>\n\n\n\n<div style=\"height:25px\" aria-hidden=\"true\" class=\"wp-block-spacer\"><\/div>\n\n\n\n<div id=\"wp-block-themeisle-blocks-advanced-columns-286c326c\" class=\"wp-block-themeisle-blocks-advanced-columns has-1-columns has-desktop-equal-layout has-tablet-equal-layout has-mobile-equal-layout has-vertical-unset\"><div class=\"wp-block-themeisle-blocks-advanced-columns-overlay\"><\/div><div class=\"innerblocks-wrap\">\n<div id=\"wp-block-themeisle-blocks-advanced-column-6f4c5023\" class=\"wp-block-themeisle-blocks-advanced-column\">\n<div id=\"wp-block-themeisle-blocks-advanced-columns-784450ff\" class=\"wp-block-themeisle-blocks-advanced-columns alignfull has-1-columns has-desktop-equal-layout has-tablet-equal-layout has-mobile-collapsedRows-layout has-vertical-center ticss-c00aadba\"><div class=\"wp-block-themeisle-blocks-advanced-columns-overlay\"><\/div><div class=\"innerblocks-wrap\">\n<div id=\"wp-block-themeisle-blocks-advanced-column-d0fbfc0a\" class=\"wp-block-themeisle-blocks-advanced-column\">\n<div id=\"wp-block-themeisle-blocks-advanced-columns-f32a2609\" class=\"wp-block-themeisle-blocks-advanced-columns has-1-columns has-desktop-equal-layout has-tablet-equal-layout has-mobile-equal-layout has-vertical-center\"><div class=\"wp-block-themeisle-blocks-advanced-columns-overlay\"><\/div><div class=\"innerblocks-wrap\">\n<div id=\"wp-block-themeisle-blocks-advanced-column-3567d86b\" class=\"wp-block-themeisle-blocks-advanced-column\">\n<h2 id=\"wp-block-themeisle-blocks-advanced-heading-d5f71f32\" class=\"wp-block-themeisle-blocks-advanced-heading wp-block-themeisle-blocks-advanced-heading-d5f71f32\">Bilan carbone pr\u00e9visionnel pour les activit\u00e9s 2024<\/h2>\n<\/div>\n<\/div><\/div>\n\n\n\n<div id=\"wp-block-themeisle-blocks-advanced-columns-8085ff1f\" class=\"wp-block-themeisle-blocks-advanced-columns has-3-columns has-desktop-equal-layout has-tablet-equal-layout has-mobile-collapsedRows-layout has-vertical-top\"><div class=\"wp-block-themeisle-blocks-advanced-columns-overlay\"><\/div><div class=\"innerblocks-wrap\">\n<div id=\"wp-block-themeisle-blocks-advanced-column-dfb15c39\" class=\"wp-block-themeisle-blocks-advanced-column\">\n<div id=\"wp-block-themeisle-blocks-font-awesome-icons-c5fd27f1\" class=\"wp-block-themeisle-blocks-font-awesome-icons\"><span class=\"wp-block-themeisle-blocks-font-awesome-icons-container\"><svg xmlns=\"http:\/\/www.w3.org\/2000\/svg\" viewbox=\"0 0 1800 1800\"><path d=\"M955.577,469.95c0.991-11.551-4.471-23.208-15.062-29.614c-5.422-3.281-11.499-4.721-17.316-4.527 c-11.915,0.347-22.164,7.318-27.2,17.36L616.275,915.595c-5.874,9.714-6.063,21.831-0.487,31.72s16.044,16.004,27.394,16.004 h172.294v399.955c0,14.18,9.498,26.612,23.186,30.342c2.742,0.746,5.519,1.105,8.261,1.105c10.941,0,21.356-5.729,27.104-15.504 l309.898-526.839c5.721-9.722,5.796-21.765,0.193-31.557c-5.598-9.792-16.018-15.833-27.297-15.833H955.577V469.95z M1101.838,867.882l-223.467,379.902V931.871c0-17.373-14.079-31.449-31.447-31.449H698.957l193.726-320.252v256.265 c0,17.369,14.079,31.447,31.448,31.447H1101.838z\"><\/path><path d=\"M1507.236,278.071h-346.672V33.419c0-17.369-14.078-31.447-31.447-31.447H670.883 c-17.369,0-31.447,14.079-31.447,31.447v244.652H292.764c-17.369,0-31.447,14.079-31.447,31.447v1457.061 c0,17.374,14.078,31.448,31.447,31.448h1214.473c17.369,0,31.447-14.074,31.447-31.448V309.519 C1538.684,292.15,1524.605,278.071,1507.236,278.071z M702.33,64.867h395.34v213.205H702.33V64.867z M1475.789,1735.132H324.211 v-182.095h1151.578V1735.132z M1475.789,1490.143H324.211V340.966h346.672h458.234h346.672V1490.143z\"><\/path><\/svg><\/span><\/div>\n\n\n\n<h3 id=\"wp-block-themeisle-blocks-advanced-heading-3147d135\" class=\"wp-block-themeisle-blocks-advanced-heading wp-block-themeisle-blocks-advanced-heading-3147d135\">Energie<\/h3>\n\n\n\n<p class=\"has-text-align-center\"><strong>772 kg CO2<\/strong><\/p>\n<\/div>\n\n\n\n<div id=\"wp-block-themeisle-blocks-advanced-column-ec09b220\" class=\"wp-block-themeisle-blocks-advanced-column ticss-ec09b220\">\n<div id=\"wp-block-themeisle-blocks-font-awesome-icons-1225333d\" class=\"wp-block-themeisle-blocks-font-awesome-icons\"><span class=\"wp-block-themeisle-blocks-font-awesome-icons-container\"><i class=\"fas fa-train\"><\/i><\/span><\/div>\n\n\n\n<h3 id=\"wp-block-themeisle-blocks-advanced-heading-869a9c1f\" class=\"wp-block-themeisle-blocks-advanced-heading wp-block-themeisle-blocks-advanced-heading-869a9c1f\">Transport<\/h3>\n\n\n\n<p class=\"has-text-align-center\"><strong>3346 kg CO2<\/strong><\/p>\n<\/div>\n\n\n\n<div id=\"wp-block-themeisle-blocks-advanced-column-adbc5601\" class=\"wp-block-themeisle-blocks-advanced-column\">\n<div id=\"wp-block-themeisle-blocks-font-awesome-icons-2851bd4e\" class=\"wp-block-themeisle-blocks-font-awesome-icons\"><span class=\"wp-block-themeisle-blocks-font-awesome-icons-container\"><svg xmlns=\"http:\/\/www.w3.org\/2000\/svg\" viewbox=\"0 0 1800 1800\"><path d=\"M197.667,1268.735h536.292c17.423,0,31.546-14.119,31.546-31.546c0-17.421-14.123-31.547-31.546-31.547 H197.667c-17.423,0-31.546,14.126-31.546,31.547C166.121,1254.616,180.243,1268.735,197.667,1268.735z\"><\/path><path d=\"M905.211,1423.088H197.667c-17.423,0-31.546,14.127-31.546,31.546c0,17.428,14.123,31.547,31.546,31.547 h707.544c17.425,0,31.547-14.119,31.547-31.547C936.758,1437.215,922.636,1423.088,905.211,1423.088z\"><\/path><path d=\"M197.667,1051.29h1381.288c17.425,0,31.547-14.129,31.547-31.547c0-17.428-14.122-31.547-31.547-31.547 H197.667c-17.423,0-31.546,14.119-31.546,31.547C166.121,1037.161,180.243,1051.29,197.667,1051.29z\"><\/path><path d=\"M1418.561,1141.168c-41.674,0-80.367,12.946-112.333,34.979c-31.964-22.032-70.658-34.979-112.331-34.979 c-109.409,0-198.422,89.015-198.422,198.423c0,109.411,89.013,198.417,198.422,198.417c41.673,0,80.367-12.939,112.331-34.979 c31.966,22.04,70.659,34.979,112.333,34.979c109.409,0,198.419-89.006,198.419-198.417 C1616.979,1230.183,1527.97,1141.168,1418.561,1141.168z M1306.228,1414.962c-14.511-21.556-22.995-47.485-22.995-75.371 c0-27.884,8.484-53.825,22.995-75.38c14.51,21.555,22.995,47.496,22.995,75.38 C1329.223,1367.477,1320.737,1393.406,1306.228,1414.962z M1058.568,1339.591c0-74.622,60.707-135.33,135.328-135.33 c23.75,0,46.087,6.17,65.513,16.97c-24.654,33.061-39.27,74.033-39.27,118.36c0,44.319,14.615,85.292,39.27,118.354 c-19.426,10.8-41.763,16.97-65.513,16.97C1119.275,1474.914,1058.568,1414.207,1058.568,1339.591z M1418.561,1474.914 c-23.753,0-46.09-6.17-65.515-16.97c24.655-33.062,39.271-74.034,39.271-118.354c0-44.327-14.615-85.3-39.271-118.36 c19.425-10.8,41.762-16.97,65.515-16.97c74.618,0,135.326,60.708,135.326,135.33 C1553.887,1414.207,1493.179,1474.914,1418.561,1474.914z\"><\/path><path d=\"M1765.979,668.543h-74.491l-237.127-647.23c-5.99-16.356-24.096-24.773-40.471-18.768L44.973,504.073 c-16.358,5.994-24.76,24.113-18.766,40.474l45.428,123.997H34.02c-17.424,0-31.547,14.123-31.547,31.546v1067.756 c0,17.429,14.123,31.547,31.547,31.547h1731.96c17.425,0,31.548-14.118,31.548-31.547V700.09 C1797.527,682.667,1783.404,668.543,1765.979,668.543z M1624.293,668.543H658.115l851.84-312.087L1624.293,668.543z M1405.972,72.641l34.923,95.313L131.221,647.777l-34.923-95.315L1405.972,72.641z M1462.596,227.196l25.653,70.019 L474.711,668.543H257.947L1462.596,227.196z M1734.434,1736.3H65.566V731.637h29.188h67.186H302.5h183.404h1161.509h67.189h19.831 v54.12v155.445V1736.3z\"><\/path><\/svg><\/span><\/div>\n\n\n\n<h3 id=\"wp-block-themeisle-blocks-advanced-heading-bacc3ab4\" class=\"wp-block-themeisle-blocks-advanced-heading wp-block-themeisle-blocks-advanced-heading-bacc3ab4\">Consommation<\/h3>\n\n\n\n<p class=\"has-text-align-center\"><strong>320 kg CO2<\/strong><\/p>\n<\/div>\n<\/div><\/div>\n<\/div>\n<\/div><\/div>\n<\/div>\n<\/div><\/div>","protected":false},"excerpt":{"rendered":"<p>Obligations et devoirs d&rsquo;EnviroCarto Entreprise de moins de 10 salari\u00e9s, EnviroCarto n&rsquo;est soumise \u00e0 aucune contrainte ou obligation de mettre en place une d\u00e9marche RSE. Cependant, \u00e0 son \u00e9chelle, elle a le devoir de transparence envers ses partenaires et clients quant \u00e0 ses activit\u00e9s. Ainsi, l&rsquo;adoption d&rsquo;une d\u00e9marche RSE par EnviroCarto rel\u00e8ve d&rsquo;un engagement volontaire&hellip;&nbsp;<a href=\"https:\/\/envirocarto.fr\/en\/demarche-rse\/\" rel=\"bookmark\">Read More &raquo;<span class=\"screen-reader-text\">CSR approach<\/span><\/a><\/p>","protected":false},"author":1,"featured_media":0,"parent":0,"menu_order":0,"comment_status":"closed","ping_status":"closed","template":"","meta":{"content-type":"","inline_featured_image":false,"neve_meta_sidebar":"","neve_meta_container":"","neve_meta_enable_content_width":"","neve_meta_content_width":0,"neve_meta_title_alignment":"","neve_meta_author_avatar":"","neve_post_elements_order":"","neve_meta_disable_header":"","neve_meta_disable_footer":"","neve_meta_disable_title":"on","_themeisle_gutenberg_block_has_review":false,"footnotes":""},"class_list":["post-648","page","type-page","status-publish","hentry"],"aioseo_notices":[],"_links":{"self":[{"href":"https:\/\/envirocarto.fr\/en\/wp-json\/wp\/v2\/pages\/648","targetHints":{"allow":["GET"]}}],"collection":[{"href":"https:\/\/envirocarto.fr\/en\/wp-json\/wp\/v2\/pages"}],"about":[{"href":"https:\/\/envirocarto.fr\/en\/wp-json\/wp\/v2\/types\/page"}],"author":[{"embeddable":true,"href":"https:\/\/envirocarto.fr\/en\/wp-json\/wp\/v2\/users\/1"}],"replies":[{"embeddable":true,"href":"https:\/\/envirocarto.fr\/en\/wp-json\/wp\/v2\/comments?post=648"}],"version-history":[{"count":23,"href":"https:\/\/envirocarto.fr\/en\/wp-json\/wp\/v2\/pages\/648\/revisions"}],"predecessor-version":[{"id":1419,"href":"https:\/\/envirocarto.fr\/en\/wp-json\/wp\/v2\/pages\/648\/revisions\/1419"}],"wp:attachment":[{"href":"https:\/\/envirocarto.fr\/en\/wp-json\/wp\/v2\/media?parent=648"}],"curies":[{"name":"wp","href":"https:\/\/api.w.org\/{rel}","templated":true}]}}