{"id":61,"date":"2020-01-23T18:21:52","date_gmt":"2020-01-23T17:21:52","guid":{"rendered":"https:\/\/demosites.io\/web-agency-gb\/?page_id=61"},"modified":"2024-12-24T12:19:28","modified_gmt":"2024-12-24T11:19:28","slug":"a-propos","status":"publish","type":"page","link":"https:\/\/envirocarto.fr\/en\/a-propos\/","title":{"rendered":"About us"},"content":{"rendered":"<div id=\"wp-block-themeisle-blocks-advanced-columns-2c60bc77\" class=\"wp-block-themeisle-blocks-advanced-columns alignfull has-1-columns has-desktop-equal-layout has-tablet-equal-layout has-mobile-collapsedRows-layout has-reverse-columns-mobile has-vertical-center ticss-c00aadba\"><div class=\"wp-block-themeisle-blocks-advanced-columns-overlay\"><\/div><div class=\"innerblocks-wrap\">\n<div id=\"wp-block-themeisle-blocks-advanced-column-75b9263d\" class=\"wp-block-themeisle-blocks-advanced-column\">\n<div style=\"height:50px\" aria-hidden=\"true\" class=\"wp-block-spacer\"><\/div>\n\n\n\n<h1 class=\"wp-block-heading has-text-align-center has-nv-site-bg-color has-text-color has-link-color wp-elements-f07cd7a1d49f76657ec39ff23a0a8eec\">About EnviroCarto<\/h1>\n\n\n\n<div class=\"wp-block-buttons is-content-justification-center is-layout-flex wp-container-core-buttons-is-layout-16018d1d wp-block-buttons-is-layout-flex\">\n<div class=\"wp-block-button is-style-primary\"><a class=\"wp-block-button__link wp-element-button\">Contact us<\/a><\/div>\n<\/div>\n\n\n\n<div style=\"height:50px\" aria-hidden=\"true\" class=\"wp-block-spacer\"><\/div>\n<\/div>\n<\/div><\/div>\n\n\n\n<div id=\"wp-block-themeisle-blocks-advanced-columns-a2946a77\" class=\"wp-block-themeisle-blocks-advanced-columns alignfull has-2-columns has-desktop-equal-layout has-tablet-equal-layout has-mobile-collapsedRows-layout has-vertical-center ticss-a2946a77 has-light-bg\"><div class=\"wp-block-themeisle-blocks-advanced-columns-overlay\"><\/div><div class=\"innerblocks-wrap\">\n<div id=\"wp-block-themeisle-blocks-advanced-column-bbddf55b\" class=\"wp-block-themeisle-blocks-advanced-column\"><div class=\"wp-block-image is-style-rounded\">\n<figure class=\"aligncenter size-full is-resized\"><img data-opt-id=305129903  fetchpriority=\"high\" decoding=\"async\" width=\"1004\" height=\"1004\" src=\"https:\/\/mlklg0yhaagw.i.optimole.com\/cb:3Mwi.5aed7\/w:auto\/h:auto\/q:mauto\/f:best\/sm:0\/https:\/\/envirocarto.fr\/wp-content\/uploads\/2024\/02\/20220314_152916_Moment.jpg\" alt=\"D\u00e9collage d'un drone depuis la main du t\u00e9l\u00e9pilote dans un paysage de montagne\" class=\"wp-image-889\" style=\"width:270px;height:271px\" srcset=\"https:\/\/mlklg0yhaagw.i.optimole.com\/cb:3Mwi.5aed7\/w:1004\/h:1004\/q:mauto\/f:best\/sm:0\/https:\/\/envirocarto.fr\/wp-content\/uploads\/2024\/02\/20220314_152916_Moment.jpg 1004w, https:\/\/mlklg0yhaagw.i.optimole.com\/cb:3Mwi.5aed7\/w:300\/h:300\/q:mauto\/f:best\/sm:0\/https:\/\/envirocarto.fr\/wp-content\/uploads\/2024\/02\/20220314_152916_Moment.jpg 300w, https:\/\/mlklg0yhaagw.i.optimole.com\/cb:3Mwi.5aed7\/w:150\/h:150\/q:mauto\/f:best\/sm:0\/https:\/\/envirocarto.fr\/wp-content\/uploads\/2024\/02\/20220314_152916_Moment.jpg 150w, https:\/\/mlklg0yhaagw.i.optimole.com\/cb:3Mwi.5aed7\/w:768\/h:768\/q:mauto\/f:best\/sm:0\/https:\/\/envirocarto.fr\/wp-content\/uploads\/2024\/02\/20220314_152916_Moment.jpg 768w, https:\/\/mlklg0yhaagw.i.optimole.com\/cb:3Mwi.5aed7\/w:12\/h:12\/q:mauto\/f:best\/sm:0\/dpr:2\/https:\/\/envirocarto.fr\/wp-content\/uploads\/2024\/02\/20220314_152916_Moment.jpg 12w\" sizes=\"(max-width: 1004px) 100vw, 1004px\" \/><\/figure>\n<\/div>\n\n\n<div style=\"height:25px\" aria-hidden=\"true\" class=\"wp-block-spacer\"><\/div>\n\n\n\n<p class=\"has-neve-text-color-color has-text-color has-link-color wp-elements-9a871efadb58c50927ccc8189303fbbb translation-block\"><strong>Ma\u00ebl AMELINE,<\/strong> geographer, cartographer, and PhD from the University of Toulouse \u2013 Founder and Manager of EnviroCarto<\/p>\n<\/div>\n\n\n\n<div id=\"wp-block-themeisle-blocks-advanced-column-92b2db05\" class=\"wp-block-themeisle-blocks-advanced-column\">\n<h2 class=\"wp-block-heading has-neve-link-color-color has-text-color has-link-color wp-elements-694be3f73927a0eddc8ce8c8e6e028f5\">Cartographer &amp; passionate researcher<\/h2>\n\n\n\n<h3 class=\"wp-block-heading\">Origin of the company<\/h3>\n\n\n\n<p class=\"translation-block\">EnviroCarto was born out of a passion for exploration and a commitment to innovation in the field of mapping. I have recently had the privilege of collaborating on <strong>pioneering projects<\/strong> such as:<\/p>\n\n\n\n<ul class=\"wp-block-list\">\n<li class=\"translation-block\"><strong>Collective Research Project (PCR)<\/strong> at Ch\u00e2teau de Buzet: Valorization of landscapes and historical properties through mapping.<\/li>\n\n\n\n<li class=\"translation-block\"><strong>ADRC Project<\/strong>: Development of mapping solutions for the sustainable adaptation of vineyards and orchards to climate change in Nouvelle-Aquitaine.<\/li>\n<\/ul>\n\n\n\n<h3 class=\"wp-block-heading has-neve-link-color-color has-text-color has-link-color wp-elements-4931801db914b5b5f0fa61db4a72791a\">What I offer<\/h3>\n\n\n\n<p class=\"translation-block\">My goal is simple: to provide you with <strong>tailor-made mapping solutions<\/strong>, leveraging cutting-edge technology to address the challenges of today and tomorrow.<\/p>\n\n\n\n<p class=\"translation-block\">Feel free to explore <a href=\"https:\/\/www.researchgate.net\/profile\/Mael-Ameline\" target=\"_blank\" rel=\"noopener\" title=\"\">my scientific references<\/a> to learn more about my work (articles, conferences, etc.).<\/p>\n\n\n\n<ul class=\"wp-block-social-links aligncenter is-layout-flex wp-block-social-links-is-layout-flex\"><li class=\"wp-social-link wp-social-link-linkedin  wp-block-social-link\"><a rel=\"noopener nofollow\" target=\"_blank\" href=\"https:\/\/linkedin.com\/in\/ma\u00ebl-ameline-phd-30a41aa8\" class=\"wp-block-social-link-anchor\"><svg width=\"24\" height=\"24\" viewbox=\"0 0 24 24\" version=\"1.1\" xmlns=\"http:\/\/www.w3.org\/2000\/svg\" aria-hidden=\"true\" focusable=\"false\"><path d=\"M19.7,3H4.3C3.582,3,3,3.582,3,4.3v15.4C3,20.418,3.582,21,4.3,21h15.4c0.718,0,1.3-0.582,1.3-1.3V4.3 C21,3.582,20.418,3,19.7,3z M8.339,18.338H5.667v-8.59h2.672V18.338z M7.004,8.574c-0.857,0-1.549-0.694-1.549-1.548 c0-0.855,0.691-1.548,1.549-1.548c0.854,0,1.547,0.694,1.547,1.548C8.551,7.881,7.858,8.574,7.004,8.574z M18.339,18.338h-2.669 v-4.177c0-0.996-0.017-2.278-1.387-2.278c-1.389,0-1.601,1.086-1.601,2.206v4.249h-2.667v-8.59h2.559v1.174h0.037 c0.356-0.675,1.227-1.387,2.526-1.387c2.703,0,3.203,1.779,3.203,4.092V18.338z\"><\/path><\/svg><span class=\"wp-block-social-link-label screen-reader-text\">LinkedIn<\/span><\/a><\/li>\n\n<li class=\"wp-social-link wp-social-link-instagram  wp-block-social-link\"><a rel=\"noopener nofollow\" target=\"_blank\" href=\"https:\/\/www.instagram.com\/mael_ameline\/\" class=\"wp-block-social-link-anchor\"><svg width=\"24\" height=\"24\" viewbox=\"0 0 24 24\" version=\"1.1\" xmlns=\"http:\/\/www.w3.org\/2000\/svg\" aria-hidden=\"true\" focusable=\"false\"><path d=\"M12,4.622c2.403,0,2.688,0.009,3.637,0.052c0.877,0.04,1.354,0.187,1.671,0.31c0.42,0.163,0.72,0.358,1.035,0.673 c0.315,0.315,0.51,0.615,0.673,1.035c0.123,0.317,0.27,0.794,0.31,1.671c0.043,0.949,0.052,1.234,0.052,3.637 s-0.009,2.688-0.052,3.637c-0.04,0.877-0.187,1.354-0.31,1.671c-0.163,0.42-0.358,0.72-0.673,1.035 c-0.315,0.315-0.615,0.51-1.035,0.673c-0.317,0.123-0.794,0.27-1.671,0.31c-0.949,0.043-1.233,0.052-3.637,0.052 s-2.688-0.009-3.637-0.052c-0.877-0.04-1.354-0.187-1.671-0.31c-0.42-0.163-0.72-0.358-1.035-0.673 c-0.315-0.315-0.51-0.615-0.673-1.035c-0.123-0.317-0.27-0.794-0.31-1.671C4.631,14.688,4.622,14.403,4.622,12 s0.009-2.688,0.052-3.637c0.04-0.877,0.187-1.354,0.31-1.671c0.163-0.42,0.358-0.72,0.673-1.035 c0.315-0.315,0.615-0.51,1.035-0.673c0.317-0.123,0.794-0.27,1.671-0.31C9.312,4.631,9.597,4.622,12,4.622 M12,3 C9.556,3,9.249,3.01,8.289,3.054C7.331,3.098,6.677,3.25,6.105,3.472C5.513,3.702,5.011,4.01,4.511,4.511 c-0.5,0.5-0.808,1.002-1.038,1.594C3.25,6.677,3.098,7.331,3.054,8.289C3.01,9.249,3,9.556,3,12c0,2.444,0.01,2.751,0.054,3.711 c0.044,0.958,0.196,1.612,0.418,2.185c0.23,0.592,0.538,1.094,1.038,1.594c0.5,0.5,1.002,0.808,1.594,1.038 c0.572,0.222,1.227,0.375,2.185,0.418C9.249,20.99,9.556,21,12,21s2.751-0.01,3.711-0.054c0.958-0.044,1.612-0.196,2.185-0.418 c0.592-0.23,1.094-0.538,1.594-1.038c0.5-0.5,0.808-1.002,1.038-1.594c0.222-0.572,0.375-1.227,0.418-2.185 C20.99,14.751,21,14.444,21,12s-0.01-2.751-0.054-3.711c-0.044-0.958-0.196-1.612-0.418-2.185c-0.23-0.592-0.538-1.094-1.038-1.594 c-0.5-0.5-1.002-0.808-1.594-1.038c-0.572-0.222-1.227-0.375-2.185-0.418C14.751,3.01,14.444,3,12,3L12,3z M12,7.378 c-2.552,0-4.622,2.069-4.622,4.622S9.448,16.622,12,16.622s4.622-2.069,4.622-4.622S14.552,7.378,12,7.378z M12,15 c-1.657,0-3-1.343-3-3s1.343-3,3-3s3,1.343,3,3S13.657,15,12,15z M16.804,6.116c-0.596,0-1.08,0.484-1.08,1.08 s0.484,1.08,1.08,1.08c0.596,0,1.08-0.484,1.08-1.08S17.401,6.116,16.804,6.116z\"><\/path><\/svg><span class=\"wp-block-social-link-label screen-reader-text\">Instagram<\/span><\/a><\/li>\n\n<li class=\"wp-social-link wp-social-link-whatsapp  wp-block-social-link\"><a rel=\"noopener nofollow\" target=\"_blank\" href=\"https:\/\/0033688644864\" class=\"wp-block-social-link-anchor\"><svg width=\"24\" height=\"24\" viewbox=\"0 0 24 24\" version=\"1.1\" xmlns=\"http:\/\/www.w3.org\/2000\/svg\" aria-hidden=\"true\" focusable=\"false\"><path d=\"M 12.011719 2 C 6.5057187 2 2.0234844 6.478375 2.0214844 11.984375 C 2.0204844 13.744375 2.4814687 15.462563 3.3554688 16.976562 L 2 22 L 7.2324219 20.763672 C 8.6914219 21.559672 10.333859 21.977516 12.005859 21.978516 L 12.009766 21.978516 C 17.514766 21.978516 21.995047 17.499141 21.998047 11.994141 C 22.000047 9.3251406 20.962172 6.8157344 19.076172 4.9277344 C 17.190172 3.0407344 14.683719 2.001 12.011719 2 z M 12.009766 4 C 14.145766 4.001 16.153109 4.8337969 17.662109 6.3417969 C 19.171109 7.8517969 20.000047 9.8581875 19.998047 11.992188 C 19.996047 16.396187 16.413812 19.978516 12.007812 19.978516 C 10.674812 19.977516 9.3544062 19.642812 8.1914062 19.007812 L 7.5175781 18.640625 L 6.7734375 18.816406 L 4.8046875 19.28125 L 5.2851562 17.496094 L 5.5019531 16.695312 L 5.0878906 15.976562 C 4.3898906 14.768562 4.0204844 13.387375 4.0214844 11.984375 C 4.0234844 7.582375 7.6067656 4 12.009766 4 z M 8.4765625 7.375 C 8.3095625 7.375 8.0395469 7.4375 7.8105469 7.6875 C 7.5815469 7.9365 6.9355469 8.5395781 6.9355469 9.7675781 C 6.9355469 10.995578 7.8300781 12.182609 7.9550781 12.349609 C 8.0790781 12.515609 9.68175 15.115234 12.21875 16.115234 C 14.32675 16.946234 14.754891 16.782234 15.212891 16.740234 C 15.670891 16.699234 16.690438 16.137687 16.898438 15.554688 C 17.106437 14.971687 17.106922 14.470187 17.044922 14.367188 C 16.982922 14.263188 16.816406 14.201172 16.566406 14.076172 C 16.317406 13.951172 15.090328 13.348625 14.861328 13.265625 C 14.632328 13.182625 14.464828 13.140625 14.298828 13.390625 C 14.132828 13.640625 13.655766 14.201187 13.509766 14.367188 C 13.363766 14.534188 13.21875 14.556641 12.96875 14.431641 C 12.71875 14.305641 11.914938 14.041406 10.960938 13.191406 C 10.218937 12.530406 9.7182656 11.714844 9.5722656 11.464844 C 9.4272656 11.215844 9.5585938 11.079078 9.6835938 10.955078 C 9.7955938 10.843078 9.9316406 10.663578 10.056641 10.517578 C 10.180641 10.371578 10.223641 10.267562 10.306641 10.101562 C 10.389641 9.9355625 10.347156 9.7890625 10.285156 9.6640625 C 10.223156 9.5390625 9.737625 8.3065 9.515625 7.8125 C 9.328625 7.3975 9.131125 7.3878594 8.953125 7.3808594 C 8.808125 7.3748594 8.6425625 7.375 8.4765625 7.375 z\"><\/path><\/svg><span class=\"wp-block-social-link-label screen-reader-text\">WhatsApp<\/span><\/a><\/li>\n\n<li class=\"wp-social-link wp-social-link-mail  wp-block-social-link\"><a rel=\"noopener nofollow\" target=\"_blank\" href=\"mailto:m&#046;&#097;meli&#110;e&#064;en&#118;iro&#099;ar&#116;o&#046;fr\" class=\"wp-block-social-link-anchor\"><svg width=\"24\" height=\"24\" viewbox=\"0 0 24 24\" version=\"1.1\" xmlns=\"http:\/\/www.w3.org\/2000\/svg\" aria-hidden=\"true\" focusable=\"false\"><path d=\"M19,5H5c-1.1,0-2,.9-2,2v10c0,1.1.9,2,2,2h14c1.1,0,2-.9,2-2V7c0-1.1-.9-2-2-2zm.5,12c0,.3-.2.5-.5.5H5c-.3,0-.5-.2-.5-.5V9.8l7.5,5.6,7.5-5.6V17zm0-9.1L12,13.6,4.5,7.9V7c0-.3.2-.5.5-.5h14c.3,0,.5.2.5.5v.9z\"><\/path><\/svg><span class=\"wp-block-social-link-label screen-reader-text\">Mail<\/span><\/a><\/li><\/ul>\n<\/div>\n<\/div><\/div>\n\n\n\n<div id=\"wp-block-themeisle-blocks-advanced-columns-e2189f19\" class=\"wp-block-themeisle-blocks-advanced-columns alignfull has-1-columns has-desktop-equal-layout has-tablet-equal-layout has-mobile-collapsedRows-layout has-reverse-columns-mobile has-vertical-bottom ticss-c00aadba\"><div class=\"wp-block-themeisle-blocks-advanced-columns-overlay\"><\/div><div class=\"innerblocks-wrap\">\n<div id=\"wp-block-themeisle-blocks-advanced-column-b72be62e\" class=\"wp-block-themeisle-blocks-advanced-column\">\n<h2 class=\"wp-block-heading has-text-align-center has-nv-site-bg-color has-text-color has-link-color wp-elements-8bb0641effbdc013603afaaa8ad01137\">Vision of the company<\/h2>\n\n\n\n<div style=\"height:100px\" aria-hidden=\"true\" class=\"wp-block-spacer\"><\/div>\n<\/div>\n<\/div><\/div>\n\n\n\n<div id=\"wp-block-themeisle-blocks-advanced-columns-5620baad\" class=\"wp-block-themeisle-blocks-advanced-columns alignfull has-1-columns has-desktop-equal-layout has-tablet-equal-layout has-mobile-collapsedRows-layout has-vertical-center ticss-c00aadba\"><div class=\"wp-block-themeisle-blocks-advanced-columns-overlay\"><\/div><div class=\"innerblocks-wrap\">\n<div id=\"wp-block-themeisle-blocks-advanced-column-3fc822dd\" class=\"wp-block-themeisle-blocks-advanced-column\">\n<div id=\"wp-block-themeisle-blocks-advanced-columns-11683017\" class=\"wp-block-themeisle-blocks-advanced-columns has-1-columns has-desktop-equal-layout has-tablet-equal-layout has-mobile-equal-layout has-vertical-center\"><div class=\"wp-block-themeisle-blocks-advanced-columns-overlay\"><\/div><div class=\"innerblocks-wrap\">\n<div id=\"wp-block-themeisle-blocks-advanced-column-dc73f686\" class=\"wp-block-themeisle-blocks-advanced-column\">\n<div id=\"wp-block-themeisle-blocks-advanced-columns-5136c2e2\" class=\"wp-block-themeisle-blocks-advanced-columns has-3-columns has-desktop-equal-layout has-tablet-equal-layout has-mobile-collapsedRows-layout has-vertical-top\"><div class=\"wp-block-themeisle-blocks-advanced-columns-overlay\"><\/div><div class=\"innerblocks-wrap\">\n<div id=\"wp-block-themeisle-blocks-advanced-column-b8fc7b42\" class=\"wp-block-themeisle-blocks-advanced-column\">\n<div id=\"wp-block-themeisle-blocks-font-awesome-icons-561b715a\" class=\"wp-block-themeisle-blocks-font-awesome-icons\"><span class=\"wp-block-themeisle-blocks-font-awesome-icons-container\"><i class=\"far fa-smile-wink\"><\/i><\/span><\/div>\n\n\n\n<h3 class=\"wp-block-heading has-text-align-center\">Listening<\/h3>\n<\/div>\n\n\n\n<div id=\"wp-block-themeisle-blocks-advanced-column-83f25352\" class=\"wp-block-themeisle-blocks-advanced-column ticss-ec09b220\">\n<div id=\"wp-block-themeisle-blocks-font-awesome-icons-9f4c87eb\" class=\"wp-block-themeisle-blocks-font-awesome-icons\"><span class=\"wp-block-themeisle-blocks-font-awesome-icons-container\"><i class=\"fab fa-envira\"><\/i><\/span><\/div>\n\n\n\n<h3 class=\"wp-block-heading has-text-align-center\">Respect for the environment<\/h3>\n<\/div>\n\n\n\n<div id=\"wp-block-themeisle-blocks-advanced-column-42885434\" class=\"wp-block-themeisle-blocks-advanced-column\">\n<div id=\"wp-block-themeisle-blocks-font-awesome-icons-c2c73ee9\" class=\"wp-block-themeisle-blocks-font-awesome-icons\"><span class=\"wp-block-themeisle-blocks-font-awesome-icons-container\"><svg xmlns=\"http:\/\/www.w3.org\/2000\/svg\" viewbox=\"0 0 1800 1800\"><path d=\"M1715.514,1630.048l-368.416-368.402c-17.967-17.977-41.866-27.874-67.281-27.874 c-13.782,0-27.071,3.003-39.257,8.527l-94.596-94.594c133.584-119.751,217.789-293.534,217.789-486.634 c0-360.375-293.193-653.561-653.572-653.561c-360.38,0-653.568,293.186-653.568,653.561c0,360.382,293.188,653.57,653.568,653.57 c146.069,0,281.087-48.174,390.033-129.453l96.854,96.862c-8.041,14.144-12.399,30.159-12.399,46.869 c0,25.42,9.897,49.314,27.868,67.283l368.407,368.423c17.972,17.968,41.862,27.865,67.283,27.865 c25.42,0,49.318-9.902,67.29-27.874c17.972-17.971,27.869-41.867,27.869-67.287 C1743.387,1671.914,1733.489,1648.02,1715.514,1630.048z M118.546,661.071c0-326.224,265.405-591.627,591.634-591.627 c326.229,0,591.638,265.403,591.638,591.627c0,326.231-265.408,591.636-591.638,591.636 C383.952,1252.707,118.546,987.302,118.546,661.071z M1671.72,1720.823c-6.272,6.277-14.62,9.733-23.492,9.733 c-8.879,0-17.222-3.456-23.489-9.726l-368.407-368.424c-6.272-6.272-9.728-14.614-9.728-23.488c0-8.873,3.455-17.215,9.732-23.488 c6.269-6.273,14.605-9.726,23.48-9.726c8.869,0,17.211,3.452,23.488,9.733l368.415,368.406c6.276,6.273,9.733,14.615,9.733,23.484 C1681.453,1706.203,1677.996,1714.547,1671.72,1720.823z\"><\/path><path d=\"M733.941,187.121c145.201,0,427.813,158.624,427.813,449.396c0,17.104,13.863,30.967,30.968,30.967 c17.104,0,30.968-13.863,30.968-30.967c0-145.848-64.515-281.118-181.66-380.892c-93.039-79.241-213.969-130.439-308.088-130.439 c-17.104,0-30.967,13.864-30.967,30.967C702.974,173.257,716.838,187.121,733.941,187.121z\"><\/path><\/svg><\/span><\/div>\n\n\n\n<h3 class=\"wp-block-heading has-text-align-center\">Precision &amp; innovation<\/h3>\n<\/div>\n<\/div><\/div>\n\n\n\n<p class=\"translation-block\">Welcome to <strong>EnviroCarto<\/strong>, a company built on 8 years of expertise in <strong>mapping<\/strong> and <strong>applied research<\/strong>. Using advanced drone and satellite technologies, we provide precise and innovative mapping solutions tailored to your needs.<\/p>\n\n\n\n<div class=\"wp-block-buttons is-content-justification-center is-layout-flex wp-container-core-buttons-is-layout-16018d1d wp-block-buttons-is-layout-flex\">\n<div class=\"wp-block-button is-style-primary\"><a class=\"wp-block-button__link wp-element-button\" href=\"https:\/\/envirocarto.fr\/en\/demarche-rse\/\" target=\"_blank\" rel=\"noreferrer noopener\">Our CSR approach<\/a><\/div>\n<\/div>\n<\/div>\n<\/div><\/div>\n<\/div>\n<\/div><\/div>","protected":false},"excerpt":{"rendered":"","protected":false},"author":1,"featured_media":784,"parent":0,"menu_order":0,"comment_status":"closed","ping_status":"closed","template":"","meta":{"content-type":"","inline_featured_image":false,"neve_meta_sidebar":"default","neve_meta_container":"default","neve_meta_enable_content_width":"on","neve_meta_content_width":100,"neve_meta_title_alignment":"","neve_meta_author_avatar":"","neve_post_elements_order":"","neve_meta_disable_header":"","neve_meta_disable_footer":"","neve_meta_disable_title":"on","_themeisle_gutenberg_block_has_review":false,"footnotes":""},"class_list":["post-61","page","type-page","status-publish","has-post-thumbnail","hentry"],"aioseo_notices":[],"_links":{"self":[{"href":"https:\/\/envirocarto.fr\/en\/wp-json\/wp\/v2\/pages\/61","targetHints":{"allow":["GET"]}}],"collection":[{"href":"https:\/\/envirocarto.fr\/en\/wp-json\/wp\/v2\/pages"}],"about":[{"href":"https:\/\/envirocarto.fr\/en\/wp-json\/wp\/v2\/types\/page"}],"author":[{"embeddable":true,"href":"https:\/\/envirocarto.fr\/en\/wp-json\/wp\/v2\/users\/1"}],"replies":[{"embeddable":true,"href":"https:\/\/envirocarto.fr\/en\/wp-json\/wp\/v2\/comments?post=61"}],"version-history":[{"count":37,"href":"https:\/\/envirocarto.fr\/en\/wp-json\/wp\/v2\/pages\/61\/revisions"}],"predecessor-version":[{"id":1869,"href":"https:\/\/envirocarto.fr\/en\/wp-json\/wp\/v2\/pages\/61\/revisions\/1869"}],"wp:featuredmedia":[{"embeddable":true,"href":"https:\/\/envirocarto.fr\/en\/wp-json\/wp\/v2\/media\/784"}],"wp:attachment":[{"href":"https:\/\/envirocarto.fr\/en\/wp-json\/wp\/v2\/media?parent=61"}],"curies":[{"name":"wp","href":"https:\/\/api.w.org\/{rel}","templated":true}]}}