{"id":1215,"date":"2024-02-22T18:29:51","date_gmt":"2024-02-22T17:29:51","guid":{"rendered":"https:\/\/envirocarto.fr\/?page_id=1215"},"modified":"2024-04-17T16:17:22","modified_gmt":"2024-04-17T14:17:22","slug":"agriculture","status":"publish","type":"page","link":"https:\/\/envirocarto.fr\/en\/agriculture\/","title":{"rendered":"Agriculture"},"content":{"rendered":"<div id=\"wp-block-themeisle-blocks-advanced-columns-2c60bc77\" class=\"wp-block-themeisle-blocks-advanced-columns alignfull has-1-columns has-desktop-equal-layout has-tablet-equal-layout has-mobile-collapsedRows-layout has-reverse-columns-mobile has-vertical-center ticss-c00aadba\"><div class=\"wp-block-themeisle-blocks-advanced-columns-overlay\"><\/div><div class=\"innerblocks-wrap\">\n<div id=\"wp-block-themeisle-blocks-advanced-column-75b9263d\" class=\"wp-block-themeisle-blocks-advanced-column\">\n<div style=\"height:50px\" aria-hidden=\"true\" class=\"wp-block-spacer\"><\/div>\n\n\n\n<h1 class=\"wp-block-heading has-text-align-center has-nv-site-bg-color has-text-color has-link-color wp-elements-efcf41e04b91a460e82420499b61f7ca\">Agriculture<\/h1>\n\n\n\n<div style=\"height:50px\" aria-hidden=\"true\" class=\"wp-block-spacer\"><\/div>\n<\/div>\n<\/div><\/div>\n\n\n\n<div id=\"wp-block-themeisle-blocks-advanced-columns-92a0b99e\" class=\"wp-block-themeisle-blocks-advanced-columns alignfull has-1-columns has-desktop-equal-layout has-tablet-equal-layout has-mobile-collapsedRows-layout has-vertical-center ticss-c00aadba\"><div class=\"wp-block-themeisle-blocks-advanced-columns-overlay\"><\/div><div class=\"innerblocks-wrap\">\n<div id=\"wp-block-themeisle-blocks-advanced-column-6f5f96cf\" class=\"wp-block-themeisle-blocks-advanced-column\">\n<div id=\"wp-block-themeisle-blocks-advanced-columns-cd6565c2\" class=\"wp-block-themeisle-blocks-advanced-columns has-1-columns has-desktop-equal-layout has-tablet-equal-layout has-mobile-equal-layout has-vertical-center\"><div class=\"wp-block-themeisle-blocks-advanced-columns-overlay\"><\/div><div class=\"innerblocks-wrap\">\n<div id=\"wp-block-themeisle-blocks-advanced-column-8a12da89\" class=\"wp-block-themeisle-blocks-advanced-column\">\n<h2 class=\"wp-block-heading has-text-align-center has-neve-text-color-color has-text-color has-link-color wp-elements-4a4aae822abbc462e11314d24377ca91\">A scientific expertise:<\/h2>\n\n\n\n<h3 class=\"wp-block-heading has-text-align-center has-neve-link-color-color has-text-color has-link-color wp-elements-1cec34362024c1a5b482b93d666a48a0\">Serving the adaptation of your productions and productivity gains<\/h3>\n\n\n\n<p class=\"has-text-align-center\">We provide tailored solutions to support precision agriculture, promote sustainable practices, and enhance production productivity, serving both research and producers.<\/p>\n<\/div>\n<\/div><\/div>\n\n\n\n<div id=\"wp-block-themeisle-blocks-advanced-columns-05d1ad51\" class=\"wp-block-themeisle-blocks-advanced-columns has-3-columns has-desktop-equal-layout has-tablet-equal-layout has-mobile-collapsedRows-layout has-vertical-top\"><div class=\"wp-block-themeisle-blocks-advanced-columns-overlay\"><\/div><div class=\"innerblocks-wrap\">\n<div id=\"wp-block-themeisle-blocks-advanced-column-7825e22d\" class=\"wp-block-themeisle-blocks-advanced-column\">\n<div id=\"wp-block-themeisle-blocks-font-awesome-icons-349f5dd5\" class=\"wp-block-themeisle-blocks-font-awesome-icons\"><span class=\"wp-block-themeisle-blocks-font-awesome-icons-container\"><svg xmlns=\"http:\/\/www.w3.org\/2000\/svg\" viewbox=\"0 0 1800 1800\"><path d=\"M1764.199,1597.184h-323.761V853.397h154.119c17.438,0,31.572-14.134,31.572-31.572V712.784h141.549 c0.04,0,0.058,0,0.089,0c17.438,0,31.571-14.134,31.571-31.571c0-11.04-5.664-20.757-14.244-26.399L918.838,8.395 c-11.205-8.355-26.562-8.355-37.767,0L13.352,655.908C2.451,664.046-2.016,678.25,2.271,691.16 c4.285,12.91,16.362,21.624,29.964,21.624h141.549v109.042c0,17.438,14.135,31.572,31.572,31.572h154.115v743.786H35.719 c-17.438,0-31.572,14.13-31.572,31.572v137.545c0,17.434,14.134,31.572,31.572,31.572h1728.48 c17.438,0,31.572-14.139,31.572-31.572v-137.545C1795.771,1611.313,1781.637,1597.184,1764.199,1597.184z M899.953,73.094 l772.627,576.547H127.333L899.953,73.094z M1302.901,1596.117V867.153h74.394v728.964H1302.901z M1239.758,1597.184H1000.3 V853.397h239.458V1597.184z M862.753,867.153h74.403v728.964h-74.403V867.153z M236.927,715.852h1326.059v74.402H236.927V715.852z M497.016,867.153v728.964h-74.402V867.153H497.016z M560.16,853.397h239.449v743.786H560.16V853.397z M1732.628,1734.729H67.29 v-74.401h1665.338V1734.729z\"><\/path><path d=\"M899.998,568.438c-83.726,0-151.843-68.116-151.843-151.845s68.117-151.845,151.843-151.845 c83.733,0,151.849,68.116,151.849,151.845S983.73,568.438,899.998,568.438z M899.998,327.893 c-48.908,0-88.699,39.791-88.699,88.701s39.791,88.701,88.699,88.701c48.915,0,88.706-39.791,88.706-88.701 S948.912,327.893,899.998,327.893z\"><\/path><\/svg><\/span><\/div>\n\n\n\n<h3 class=\"wp-block-heading has-text-align-center\">Public institutions<\/h3>\n\n\n\n<p class=\"has-text-align-center\">Research Laboratories, Universities\u2026<\/p>\n<\/div>\n\n\n\n<div id=\"wp-block-themeisle-blocks-advanced-column-5ce87e69\" class=\"wp-block-themeisle-blocks-advanced-column ticss-ec09b220\">\n<div id=\"wp-block-themeisle-blocks-font-awesome-icons-64ce96c2\" class=\"wp-block-themeisle-blocks-font-awesome-icons\"><span class=\"wp-block-themeisle-blocks-font-awesome-icons-container\"><svg xmlns=\"http:\/\/www.w3.org\/2000\/svg\" viewbox=\"0 0 1800 1800\"><path d=\"M1541.606,1540.146l0.009-0.008c35.598-35.594,35.598-93.52,0-129.121 c-17.24-17.236-40.178-26.745-64.569-26.745c-24.378,0-47.314,9.509-64.564,26.763c-35.588,35.584-35.588,93.51,0.009,129.104 C1448.096,1575.73,1506.014,1575.73,1541.606,1540.146z M1440.885,1511.743c-9.656-9.655-14.975-22.498-14.975-36.165 c0-13.659,5.318-26.511,14.975-36.167c9.665-9.655,22.512-14.979,36.175-14.979c13.659,0,26.497,5.323,36.161,14.979 c19.938,19.945,19.938,52.387-0.008,72.332C1493.271,1531.689,1460.831,1531.681,1440.885,1511.743z\"><\/path><path d=\"M1700.934,402.736c0.021-0.026,0.047-0.043,0.068-0.065c0.044-0.043,0.083-0.091,0.127-0.134l5.504-5.505 l-0.138-0.139c81.836-87.814,80.038-225.814-5.507-311.356c-42.353-42.357-98.664-65.685-158.565-65.685 c-57.228,0-111.154,21.339-152.792,60.18l-0.134-0.134l-5.511,5.507c-0.043,0.046-0.09,0.085-0.134,0.131 c-0.021,0.021-0.039,0.045-0.061,0.069L66.371,1403.02l0.513,0.513c-7.364,4.749-12.699,12.548-13.98,21.907L9.578,1741.903 c-1.319,9.647,1.95,19.347,8.831,26.232c5.875,5.87,13.807,9.108,22.004,9.108c1.402,0,2.813-0.095,4.224-0.286l316.451-43.338 c9.365-1.276,17.163-6.617,21.912-13.98l0.512,0.513L1700.934,402.736z M1542.423,82.094c43.272,0,83.954,16.852,114.551,47.452 c55.643,55.638,62.276,142.02,19.897,204.983L1451.973,109.64C1478.482,91.724,1509.717,82.094,1542.423,82.094z M1389.497,167.919l229.113,229.112L383.512,1632.129l-86.195-86.19l991.423-991.409l-59.351-59.342l-991.41,991.418 l-83.585-83.586L1389.497,167.919z M76.804,1709.731l35.68-260.604l224.915,224.916L76.804,1709.731z\"><\/path><path d=\"M506.941,804.479l56.789-56.789l-454.446-454.45l185.432-185.437l87.924,87.932l-63.792,63.783 l50.362,50.359l63.792-63.779l51.262,51.258l-63.792,63.788l50.363,50.354l63.797-63.779l51.257,51.267l-94.375,94.353 l50.376,50.363l94.362-94.362l62.502,62.498l-63.792,63.801l50.363,50.354l63.792-63.792l0.043,0.047l56.789-56.789 L323.106,22.622c-15.682-15.686-41.102-15.686-56.784,0L24.102,264.845c-15.687,15.683-15.687,41.107,0,56.789L506.941,804.479z\"><\/path><path d=\"M1778.944,1478.287c-0.726-0.729-1.478-1.424-2.241-2.085l-505.282-505.273l-151.159,151.159l50.259,50.26 l94.371-94.37l428.79,428.782l-185.441,185.432l-479.045-479.041l-56.789,56.798l507.437,507.427 c15.682,15.69,41.102,15.69,56.788,0l242.234-242.213c0.021-0.034,0.048-0.052,0.079-0.086 C1794.63,1519.402,1794.63,1493.969,1778.944,1478.287z\"><\/path><\/svg><\/span><\/div>\n\n\n\n<h3 class=\"wp-block-heading has-text-align-center\">Consulting firms<\/h3>\n\n\n\n<p class=\"has-text-align-center\">Engineering Firms, Agricultural Chambers\u2026<\/p>\n<\/div>\n\n\n\n<div id=\"wp-block-themeisle-blocks-advanced-column-7a1c2969\" class=\"wp-block-themeisle-blocks-advanced-column\">\n<div id=\"wp-block-themeisle-blocks-font-awesome-icons-a8584753\" class=\"wp-block-themeisle-blocks-font-awesome-icons\"><span class=\"wp-block-themeisle-blocks-font-awesome-icons-container\"><i class=\"fas fa-snowplow\"><\/i><\/span><\/div>\n\n\n\n<h3 class=\"wp-block-heading has-text-align-center\">Private sector<\/h3>\n\n\n\n<p class=\"has-text-align-center\">Agricultural cooperatives, traders, producers\u2026<\/p>\n<\/div>\n<\/div><\/div>\n<\/div>\n<\/div><\/div>\n\n\n\n<div id=\"wp-block-themeisle-blocks-advanced-columns-678cc482\" class=\"wp-block-themeisle-blocks-advanced-columns alignfull has-1-columns has-desktop-equal-layout has-tablet-equal-layout has-mobile-collapsedRows-layout has-reverse-columns-mobile has-vertical-bottom ticss-c00aadba\"><div class=\"wp-block-themeisle-blocks-advanced-columns-overlay\"><\/div><div class=\"innerblocks-wrap\">\n<div id=\"wp-block-themeisle-blocks-advanced-column-4d412c51\" class=\"wp-block-themeisle-blocks-advanced-column\">\n<h2 class=\"wp-block-heading has-text-align-center has-nv-site-bg-color has-text-color has-link-color wp-elements-9b9edcb0b4efe15ea63340f8798e4fc2\">Enhance the monitoring of your crops\u2026<\/h2>\n<\/div>\n<\/div><\/div>\n\n\n\n<div id=\"wp-block-themeisle-blocks-advanced-columns-49b57d78\" class=\"wp-block-themeisle-blocks-advanced-columns alignfull has-1-columns has-desktop-equal-layout has-tablet-equal-layout has-mobile-equal-layout has-vertical-center ticss-c00aadba\"><div class=\"wp-block-themeisle-blocks-advanced-columns-overlay\"><\/div><div class=\"innerblocks-wrap\">\n<div id=\"wp-block-themeisle-blocks-advanced-column-082c986a\" class=\"wp-block-themeisle-blocks-advanced-column\">\n<div id=\"wp-block-themeisle-blocks-advanced-columns-a97d26bb\" class=\"wp-block-themeisle-blocks-advanced-columns has-1-columns has-desktop-equal-layout has-tablet-equal-layout has-mobile-equal-layout has-vertical-center\"><div class=\"wp-block-themeisle-blocks-advanced-columns-overlay\"><\/div><div class=\"innerblocks-wrap\">\n<div id=\"wp-block-themeisle-blocks-advanced-column-6aafed55\" class=\"wp-block-themeisle-blocks-advanced-column\">\n<h3 class=\"wp-block-heading has-text-align-center has-neve-text-color-color has-text-color has-link-color wp-elements-0495154c0b90f06a91ae8bc68326c0fc\">&#8230; d\u00e9couvrez comment nos solutions peuvent am\u00e9liorer votre production<\/h3>\n<\/div>\n<\/div><\/div>\n<\/div>\n<\/div><\/div>\n\n\n\n<div id=\"wp-block-themeisle-blocks-advanced-columns-1a79b1e5\" class=\"wp-block-themeisle-blocks-advanced-columns alignfull has-3-columns has-desktop-equal-layout has-tablet-equal-layout has-mobile-collapsedRows-layout has-vertical-center ticss-c00aadba\"><div class=\"wp-block-themeisle-blocks-advanced-columns-overlay\"><\/div><div class=\"innerblocks-wrap\">\n<div id=\"wp-block-themeisle-blocks-advanced-column-a1e324b7\" class=\"wp-block-themeisle-blocks-advanced-column\">\n<h3 class=\"wp-block-heading has-text-align-center has-nv-c-2-color has-text-color has-link-color wp-elements-eba424ff09f8b5df041c4ce94feb4bf1\">Comment \u00e9conomiser sur mes intrants ?<\/h3>\n\n\n\n<p class=\"has-text-align-center\">Un diagnostic de vos parcelles par satellite ou drone permet d&rsquo;am\u00e9liorer les apports en intrants ou en irrigation<\/p>\n\n\n<div class=\"wp-block-image\">\n<figure class=\"aligncenter size-full is-resized\"><img data-opt-id=9050741  fetchpriority=\"high\" data-dominant-color=\"b18559\" data-has-transparency=\"false\" decoding=\"async\" width=\"2560\" height=\"2560\" src=\"https:\/\/mlklg0yhaagw.i.optimole.com\/cb:3Mwi.5aed7\/w:auto\/h:auto\/q:mauto\/f:best\/sm:0\/https:\/\/envirocarto.fr\/wp-content\/uploads\/2024\/04\/DJI_0706-scaled.webp\" alt=\"Champ irrigu\u00e9 apr\u00e8s le semis, vue de drone (source : EnviroCarto)\" class=\"wp-image-1745 not-transparent\" style=\"--dominant-color: #b18559; width:290px;height:auto\" srcset=\"https:\/\/mlklg0yhaagw.i.optimole.com\/cb:3Mwi.5aed7\/w:1080\/h:1080\/q:mauto\/f:best\/sm:0\/https:\/\/envirocarto.fr\/wp-content\/uploads\/2024\/04\/DJI_0706-scaled.webp 2560w, https:\/\/mlklg0yhaagw.i.optimole.com\/cb:3Mwi.5aed7\/w:300\/h:300\/q:mauto\/f:best\/sm:0\/https:\/\/envirocarto.fr\/wp-content\/uploads\/2024\/04\/DJI_0706-scaled.webp 300w, https:\/\/mlklg0yhaagw.i.optimole.com\/cb:3Mwi.5aed7\/w:1024\/h:1024\/q:mauto\/f:best\/sm:0\/https:\/\/envirocarto.fr\/wp-content\/uploads\/2024\/04\/DJI_0706-scaled.webp 1024w, https:\/\/mlklg0yhaagw.i.optimole.com\/cb:3Mwi.5aed7\/w:150\/h:150\/q:mauto\/f:best\/sm:0\/https:\/\/envirocarto.fr\/wp-content\/uploads\/2024\/04\/DJI_0706-scaled.webp 150w, https:\/\/mlklg0yhaagw.i.optimole.com\/cb:3Mwi.5aed7\/w:768\/h:768\/q:mauto\/f:best\/sm:0\/https:\/\/envirocarto.fr\/wp-content\/uploads\/2024\/04\/DJI_0706-scaled.webp 768w, https:\/\/mlklg0yhaagw.i.optimole.com\/cb:3Mwi.5aed7\/w:1080\/h:1080\/q:mauto\/f:best\/sm:0\/https:\/\/envirocarto.fr\/wp-content\/uploads\/2024\/04\/DJI_0706-scaled.webp 1536w, https:\/\/mlklg0yhaagw.i.optimole.com\/cb:3Mwi.5aed7\/w:1080\/h:1080\/q:mauto\/f:best\/sm:0\/https:\/\/envirocarto.fr\/wp-content\/uploads\/2024\/04\/DJI_0706-scaled.webp 2048w, https:\/\/mlklg0yhaagw.i.optimole.com\/cb:3Mwi.5aed7\/w:12\/h:12\/q:mauto\/f:best\/sm:0\/dpr:2\/https:\/\/envirocarto.fr\/wp-content\/uploads\/2024\/04\/DJI_0706-scaled.webp 12w\" sizes=\"(max-width: 1200px) 100vw, 1200px\" \/><\/figure>\n<\/div><\/div>\n\n\n\n<div id=\"wp-block-themeisle-blocks-advanced-column-20ad7b8d\" class=\"wp-block-themeisle-blocks-advanced-column\">\n<h3 class=\"wp-block-heading has-text-align-center has-nv-c-2-color has-text-color has-link-color wp-elements-e96c5d65617a117298f5eecfda8ede08\">Comment adapter ma production face \u00e0 des fortes chaleurs ?<\/h3>\n\n\n\n<p class=\"has-text-align-center\">Plusieurs solutions : une \u00e9tude climatologique et topographique, un suivi thermique&#8230;<\/p>\n\n\n<div class=\"wp-block-image\">\n<figure class=\"aligncenter size-full is-resized\"><img data-opt-id=2098674145  fetchpriority=\"high\" data-dominant-color=\"8d7346\" data-has-transparency=\"false\" decoding=\"async\" width=\"2049\" height=\"2560\" src=\"https:\/\/mlklg0yhaagw.i.optimole.com\/cb:3Mwi.5aed7\/w:auto\/h:auto\/q:mauto\/f:best\/sm:0\/https:\/\/envirocarto.fr\/wp-content\/uploads\/2024\/04\/P1082448-scaled.webp\" alt=\"Grappe de raisin dans le Monbazillac (source : EnviroCarto)\" class=\"wp-image-1743 not-transparent\" style=\"--dominant-color: #8d7346; width:266px;height:auto\" srcset=\"https:\/\/mlklg0yhaagw.i.optimole.com\/cb:3Mwi.5aed7\/w:864\/h:1080\/q:mauto\/f:best\/sm:0\/https:\/\/envirocarto.fr\/wp-content\/uploads\/2024\/04\/P1082448-scaled.webp 2049w, https:\/\/mlklg0yhaagw.i.optimole.com\/cb:3Mwi.5aed7\/w:240\/h:300\/q:mauto\/f:best\/sm:0\/https:\/\/envirocarto.fr\/wp-content\/uploads\/2024\/04\/P1082448-scaled.webp 240w, https:\/\/mlklg0yhaagw.i.optimole.com\/cb:3Mwi.5aed7\/w:820\/h:1024\/q:mauto\/f:best\/sm:0\/https:\/\/envirocarto.fr\/wp-content\/uploads\/2024\/04\/P1082448-scaled.webp 820w, https:\/\/mlklg0yhaagw.i.optimole.com\/cb:3Mwi.5aed7\/w:768\/h:959\/q:mauto\/f:best\/sm:0\/https:\/\/envirocarto.fr\/wp-content\/uploads\/2024\/04\/P1082448-scaled.webp 768w, https:\/\/mlklg0yhaagw.i.optimole.com\/cb:3Mwi.5aed7\/w:864\/h:1080\/q:mauto\/f:best\/sm:0\/https:\/\/envirocarto.fr\/wp-content\/uploads\/2024\/04\/P1082448-scaled.webp 1230w, https:\/\/mlklg0yhaagw.i.optimole.com\/cb:3Mwi.5aed7\/w:864\/h:1080\/q:mauto\/f:best\/sm:0\/https:\/\/envirocarto.fr\/wp-content\/uploads\/2024\/04\/P1082448-scaled.webp 1639w, https:\/\/mlklg0yhaagw.i.optimole.com\/cb:3Mwi.5aed7\/w:10\/h:12\/q:mauto\/f:best\/sm:0\/dpr:2\/https:\/\/envirocarto.fr\/wp-content\/uploads\/2024\/04\/P1082448-scaled.webp 10w\" sizes=\"(max-width: 1200px) 100vw, 1200px\" \/><\/figure>\n<\/div><\/div>\n\n\n\n<div id=\"wp-block-themeisle-blocks-advanced-column-5b00a304\" class=\"wp-block-themeisle-blocks-advanced-column\">\n<h3 class=\"wp-block-heading has-text-align-center has-nv-c-2-color has-text-color has-link-color wp-elements-732573ae6f02b1f4a227cddd92bc790c\">Puis-je utiliser ces solutions avec mon mat\u00e9riel?<\/h3>\n\n\n\n<p class=\"has-text-align-center\">Les pr\u00e9conisations ou services sont bas\u00e9s sur des logiciels et formats de donn\u00e9es libres et ouverts<\/p>\n\n\n<div class=\"wp-block-image\">\n<figure class=\"aligncenter size-full is-resized\"><img data-opt-id=493857224  fetchpriority=\"high\" data-dominant-color=\"576b4f\" data-has-transparency=\"false\" decoding=\"async\" width=\"2560\" height=\"1708\" src=\"https:\/\/mlklg0yhaagw.i.optimole.com\/cb:3Mwi.5aed7\/w:auto\/h:auto\/q:mauto\/f:best\/sm:0\/https:\/\/envirocarto.fr\/wp-content\/uploads\/2024\/04\/close-up-seeder-attached-tractor-field-scaled.webp\" alt=\"Gros plan du semoir attach\u00e9 au tracteur dans le champ.de @standret\" class=\"wp-image-1746 not-transparent\" style=\"--dominant-color: #576b4f; width:368px;height:auto\" srcset=\"https:\/\/mlklg0yhaagw.i.optimole.com\/cb:3Mwi.5aed7\/w:1618\/h:1080\/q:mauto\/f:best\/sm:0\/https:\/\/envirocarto.fr\/wp-content\/uploads\/2024\/04\/close-up-seeder-attached-tractor-field-scaled.webp 2560w, https:\/\/mlklg0yhaagw.i.optimole.com\/cb:3Mwi.5aed7\/w:300\/h:200\/q:mauto\/f:best\/sm:0\/https:\/\/envirocarto.fr\/wp-content\/uploads\/2024\/04\/close-up-seeder-attached-tractor-field-scaled.webp 300w, https:\/\/mlklg0yhaagw.i.optimole.com\/cb:3Mwi.5aed7\/w:1024\/h:683\/q:mauto\/f:best\/sm:0\/https:\/\/envirocarto.fr\/wp-content\/uploads\/2024\/04\/close-up-seeder-attached-tractor-field-scaled.webp 1024w, https:\/\/mlklg0yhaagw.i.optimole.com\/cb:3Mwi.5aed7\/w:768\/h:513\/q:mauto\/f:best\/sm:0\/https:\/\/envirocarto.fr\/wp-content\/uploads\/2024\/04\/close-up-seeder-attached-tractor-field-scaled.webp 768w, https:\/\/mlklg0yhaagw.i.optimole.com\/cb:3Mwi.5aed7\/w:1536\/h:1025\/q:mauto\/f:best\/sm:0\/https:\/\/envirocarto.fr\/wp-content\/uploads\/2024\/04\/close-up-seeder-attached-tractor-field-scaled.webp 1536w, https:\/\/mlklg0yhaagw.i.optimole.com\/cb:3Mwi.5aed7\/w:1618\/h:1080\/q:mauto\/f:best\/sm:0\/https:\/\/envirocarto.fr\/wp-content\/uploads\/2024\/04\/close-up-seeder-attached-tractor-field-scaled.webp 2048w, https:\/\/mlklg0yhaagw.i.optimole.com\/cb:3Mwi.5aed7\/w:18\/h:12\/q:mauto\/f:best\/sm:0\/dpr:2\/https:\/\/envirocarto.fr\/wp-content\/uploads\/2024\/04\/close-up-seeder-attached-tractor-field-scaled.webp 18w, https:\/\/mlklg0yhaagw.i.optimole.com\/cb:3Mwi.5aed7\/w:930\/h:620\/q:mauto\/f:best\/sm:0\/https:\/\/envirocarto.fr\/wp-content\/uploads\/2024\/04\/close-up-seeder-attached-tractor-field-scaled.webp 930w\" sizes=\"(max-width: 1200px) 100vw, 1200px\" \/><\/figure>\n<\/div><\/div>\n<\/div><\/div>","protected":false},"excerpt":{"rendered":"","protected":false},"author":1,"featured_media":0,"parent":0,"menu_order":0,"comment_status":"closed","ping_status":"closed","template":"","meta":{"content-type":"","inline_featured_image":false,"neve_meta_sidebar":"full-width","neve_meta_container":"contained","neve_meta_enable_content_width":"on","neve_meta_content_width":100,"neve_meta_title_alignment":"","neve_meta_author_avatar":"","neve_post_elements_order":"","neve_meta_disable_header":"","neve_meta_disable_footer":"","neve_meta_disable_title":"on","_themeisle_gutenberg_block_has_review":false,"footnotes":""},"class_list":["post-1215","page","type-page","status-publish","hentry"],"aioseo_notices":[],"_links":{"self":[{"href":"https:\/\/envirocarto.fr\/en\/wp-json\/wp\/v2\/pages\/1215","targetHints":{"allow":["GET"]}}],"collection":[{"href":"https:\/\/envirocarto.fr\/en\/wp-json\/wp\/v2\/pages"}],"about":[{"href":"https:\/\/envirocarto.fr\/en\/wp-json\/wp\/v2\/types\/page"}],"author":[{"embeddable":true,"href":"https:\/\/envirocarto.fr\/en\/wp-json\/wp\/v2\/users\/1"}],"replies":[{"embeddable":true,"href":"https:\/\/envirocarto.fr\/en\/wp-json\/wp\/v2\/comments?post=1215"}],"version-history":[{"count":8,"href":"https:\/\/envirocarto.fr\/en\/wp-json\/wp\/v2\/pages\/1215\/revisions"}],"predecessor-version":[{"id":1771,"href":"https:\/\/envirocarto.fr\/en\/wp-json\/wp\/v2\/pages\/1215\/revisions\/1771"}],"wp:attachment":[{"href":"https:\/\/envirocarto.fr\/en\/wp-json\/wp\/v2\/media?parent=1215"}],"curies":[{"name":"wp","href":"https:\/\/api.w.org\/{rel}","templated":true}]}}